

{"id":2049,"date":"2020-07-29T09:47:43","date_gmt":"2020-07-29T08:47:43","guid":{"rendered":"http:\/\/localhost\/matimat\/?page_id=2049"},"modified":"2021-02-10T03:45:47","modified_gmt":"2021-02-10T03:45:47","slug":"quem-somos","status":"publish","type":"page","link":"https:\/\/lojamatimat.pt\/?page_id=2049","title":{"rendered":"Quem somos"},"content":{"rendered":"\t\t<div data-elementor-type=\"wp-post\" data-elementor-id=\"2049\" class=\"elementor elementor-2049\" data-elementor-settings=\"[]\">\n\t\t\t\t\t\t<div class=\"elementor-inner\">\n\t\t\t\t\t\t\t<div class=\"elementor-section-wrap\">\n\t\t\t\t\t\t\t<section class=\"elementor-section elementor-top-section elementor-element elementor-element-91f6263 elementor-section-boxed elementor-section-height-default elementor-section-height-default\" data-id=\"91f6263\" data-element_type=\"section\">\n\t\t\t\t\t\t<div class=\"elementor-container elementor-column-gap-default\">\n\t\t\t\t\t\t\t<div class=\"elementor-row\">\n\t\t\t\t\t<div class=\"elementor-column elementor-col-100 elementor-top-column elementor-element elementor-element-eb8d0f6\" data-id=\"eb8d0f6\" data-element_type=\"column\">\n\t\t\t<div class=\"elementor-column-wrap elementor-element-populated\">\n\t\t\t\t\t\t\t<div class=\"elementor-widget-wrap\">\n\t\t\t\t\t\t<div class=\"elementor-element elementor-element-1cfbe0c elementor-widget elementor-widget-text-editor\" data-id=\"1cfbe0c\" data-element_type=\"widget\" data-widget_type=\"text-editor.default\">\n\t\t\t\t<div class=\"elementor-widget-container\">\n\t\t\t\t\t\t\t\t<div class=\"elementor-text-editor elementor-clearfix\">\n\t\t\t\t\t<pre class=\"p1\" style=\"margin-bottom: 18.8px; font-variant-numeric: normal; font-variant-east-asian: normal; font-stretch: normal; font-size: 12px; line-height: normal; font-family: Arial; color: #000000;\"><strong>EMPRESA<\/strong><\/pre>\t\t\t\t\t<\/div>\n\t\t\t\t\t\t<\/div>\n\t\t\t\t<\/div>\n\t\t\t\t\t\t<\/div>\n\t\t\t\t\t<\/div>\n\t\t<\/div>\n\t\t\t\t\t\t\t\t<\/div>\n\t\t\t\t\t<\/div>\n\t\t<\/section>\n\t\t\t\t<section class=\"elementor-section elementor-top-section elementor-element elementor-element-5b34e62 elementor-section-boxed elementor-section-height-default elementor-section-height-default\" data-id=\"5b34e62\" data-element_type=\"section\">\n\t\t\t\t\t\t<div class=\"elementor-container elementor-column-gap-default\">\n\t\t\t\t\t\t\t<div class=\"elementor-row\">\n\t\t\t\t\t<div class=\"elementor-column elementor-col-100 elementor-top-column elementor-element elementor-element-5652cfb\" data-id=\"5652cfb\" data-element_type=\"column\">\n\t\t\t<div class=\"elementor-column-wrap elementor-element-populated\">\n\t\t\t\t\t\t\t<div class=\"elementor-widget-wrap\">\n\t\t\t\t\t\t<div class=\"elementor-element elementor-element-1466dc3 elementor-widget elementor-widget-text-editor\" data-id=\"1466dc3\" data-element_type=\"widget\" data-widget_type=\"text-editor.default\">\n\t\t\t\t<div class=\"elementor-widget-container\">\n\t\t\t\t\t\t\t\t<div class=\"elementor-text-editor elementor-clearfix\">\n\t\t\t\t\t<p style=\"margin-bottom: 18.8px; font-variant-numeric: normal; font-variant-east-asian: normal; font-stretch: normal; font-size: 12px; line-height: normal; font-family: Arial; color: #000000;\">A\u00a0MATIMAT\u00a0\u00e9 uma empresa de materiais de constru\u00e7\u00e3o, criada recentemente e especializada na comercializa\u00e7\u00e3o de produtos para coberturas met\u00e1licas, perfis galvanizados, impermeabiliza\u00e7\u00f5es, isolamentos t\u00e9rmicos, tintas e impregna\u00e7\u00f5es de elevado desempenho t\u00e9rmico.<\/p><p style=\"margin-bottom: 18.8px; font-variant-numeric: normal; font-variant-east-asian: normal; font-stretch: normal; font-size: 12px; line-height: normal; font-family: Arial; color: #000000;\">A experi\u00eancia adquirida pela ger\u00eancia, ao longo de 30 anos, nas maiores empresas do pa\u00eds na \u00e1rea das montagens e na \u00e1rea do fabrico conferiu-lhe um conhecimento adquirido que \u00e9 colocado agora \u00e0 disposi\u00e7\u00e3o dos seus clientes, o que faz da\u00a0MATIMAT\u00a0seu parceiro certo.<\/p><p style=\"margin-bottom: 18.8px; font-variant-numeric: normal; font-variant-east-asian: normal; font-stretch: normal; font-size: 12px; line-height: normal; font-family: Arial; color: #000000;\">Propomos um servi\u00e7o diferenciado e personalizado comercializando n\u00e3o s\u00f3 o produto, mas tamb\u00e9m uma solu\u00e7\u00e3o completa e mais adequada a cada trabalho indo assim, ao encontro das necessidades dos nossos clientes e contribuindo para uma otimiza\u00e7\u00e3o de solu\u00e7\u00f5es e de custos. Para al\u00e9m da qualidade dos produtos apostamos tamb\u00e9m na qualidade das solu\u00e7\u00f5es e vamos estar sempre em busca da inova\u00e7\u00e3o para poder oferecer sempre os melhores produtos e solu\u00e7\u00f5es aos melhores pre\u00e7os.<\/p>\t\t\t\t\t<\/div>\n\t\t\t\t\t\t<\/div>\n\t\t\t\t<\/div>\n\t\t\t\t\t\t<\/div>\n\t\t\t\t\t<\/div>\n\t\t<\/div>\n\t\t\t\t\t\t\t\t<\/div>\n\t\t\t\t\t<\/div>\n\t\t<\/section>\n\t\t\t\t<section class=\"elementor-section elementor-top-section elementor-element elementor-element-c812f34 elementor-section-boxed elementor-section-height-default elementor-section-height-default\" data-id=\"c812f34\" data-element_type=\"section\">\n\t\t\t\t\t\t<div class=\"elementor-container elementor-column-gap-default\">\n\t\t\t\t\t\t\t<div class=\"elementor-row\">\n\t\t\t\t\t<div class=\"elementor-column elementor-col-100 elementor-top-column elementor-element elementor-element-7aabf66\" data-id=\"7aabf66\" data-element_type=\"column\">\n\t\t\t<div class=\"elementor-column-wrap elementor-element-populated\">\n\t\t\t\t\t\t\t<div class=\"elementor-widget-wrap\">\n\t\t\t\t\t\t<div class=\"elementor-element elementor-element-639815a elementor-widget elementor-widget-text-editor\" data-id=\"639815a\" data-element_type=\"widget\" data-widget_type=\"text-editor.default\">\n\t\t\t\t<div class=\"elementor-widget-container\">\n\t\t\t\t\t\t\t\t<div class=\"elementor-text-editor elementor-clearfix\">\n\t\t\t\t\t<pre class=\"p1\" style=\"margin-bottom: 18.8px; font-variant-numeric: normal; font-variant-east-asian: normal; font-stretch: normal; font-size: 12px; line-height: normal; font-family: Arial; color: #000000;\"><strong>INFORMA\u00c7\u00d5ES \u00daTEIS<\/strong><\/pre>\t\t\t\t\t<\/div>\n\t\t\t\t\t\t<\/div>\n\t\t\t\t<\/div>\n\t\t\t\t\t\t<\/div>\n\t\t\t\t\t<\/div>\n\t\t<\/div>\n\t\t\t\t\t\t\t\t<\/div>\n\t\t\t\t\t<\/div>\n\t\t<\/section>\n\t\t\t\t<section class=\"elementor-section elementor-top-section elementor-element elementor-element-698883d elementor-section-boxed elementor-section-height-default elementor-section-height-default\" data-id=\"698883d\" data-element_type=\"section\">\n\t\t\t\t\t\t<div class=\"elementor-container elementor-column-gap-default\">\n\t\t\t\t\t\t\t<div class=\"elementor-row\">\n\t\t\t\t\t<div class=\"elementor-column elementor-col-100 elementor-top-column elementor-element elementor-element-e3b35a9\" data-id=\"e3b35a9\" data-element_type=\"column\">\n\t\t\t<div class=\"elementor-column-wrap elementor-element-populated\">\n\t\t\t\t\t\t\t<div class=\"elementor-widget-wrap\">\n\t\t\t\t\t\t<div class=\"elementor-element elementor-element-b14cb87 elementor-widget elementor-widget-text-editor\" data-id=\"b14cb87\" data-element_type=\"widget\" data-widget_type=\"text-editor.default\">\n\t\t\t\t<div class=\"elementor-widget-container\">\n\t\t\t\t\t\t\t\t<div class=\"elementor-text-editor elementor-clearfix\">\n\t\t\t\t\t<p style=\"margin-bottom: 18.8px; font-variant-numeric: normal; font-variant-east-asian: normal; font-stretch: normal; font-size: 12px; line-height: normal; font-family: Arial; color: #000000;\">Sede: Rua Barradas de Carvalho n\u00ba13 \u2013 2800-712 Almada<\/p><p style=\"margin-bottom: 18.8px; font-variant-numeric: normal; font-variant-east-asian: normal; font-stretch: normal; font-size: 12px; line-height: normal; font-family: Arial; color: #000000;\">Contactos: (+351) 216 037\u00a0754<\/p><p style=\"margin-bottom: 18.8px; font-variant-numeric: normal; font-variant-east-asian: normal; font-stretch: normal; font-size: 12px; line-height: normal; font-family: Arial; color: #000000;\">\u00a0 \u00a0 \u00a0 \u00a0 \u00a0 \u00a0 \u00a0 \u00a0 \u00a0 (+351) 934\u00a0684\u00a0155<\/p><p style=\"margin-bottom: 0px; font-variant-numeric: normal; font-variant-east-asian: normal; font-stretch: normal; font-size: 12px; line-height: normal; font-family: Arial; min-height: 14px; color: #000000;\">\u00a0<\/p><p style=\"margin-bottom: 0px; font-variant-numeric: normal; font-variant-east-asian: normal; font-stretch: normal; font-size: 12px; line-height: normal; font-family: Arial; color: #ff2600;\"><span style=\"color: #000000;\">Email: encomendas@matimat.pt<\/span><\/p>\t\t\t\t\t<\/div>\n\t\t\t\t\t\t<\/div>\n\t\t\t\t<\/div>\n\t\t\t\t\t\t<\/div>\n\t\t\t\t\t<\/div>\n\t\t<\/div>\n\t\t\t\t\t\t\t\t<\/div>\n\t\t\t\t\t<\/div>\n\t\t<\/section>\n\t\t\t\t<section class=\"elementor-section elementor-top-section elementor-element elementor-element-70a5a66 elementor-section-boxed elementor-section-height-default elementor-section-height-default\" data-id=\"70a5a66\" data-element_type=\"section\">\n\t\t\t\t\t\t<div class=\"elementor-container elementor-column-gap-default\">\n\t\t\t\t\t\t\t<div class=\"elementor-row\">\n\t\t\t\t\t<div class=\"elementor-column elementor-col-100 elementor-top-column elementor-element elementor-element-badab80\" data-id=\"badab80\" data-element_type=\"column\">\n\t\t\t<div class=\"elementor-column-wrap elementor-element-populated\">\n\t\t\t\t\t\t\t<div class=\"elementor-widget-wrap\">\n\t\t\t\t\t\t<div class=\"elementor-element elementor-element-a84206c elementor-widget elementor-widget-google_maps\" data-id=\"a84206c\" data-element_type=\"widget\" data-widget_type=\"google_maps.default\">\n\t\t\t\t<div class=\"elementor-widget-container\">\n\t\t\t<div class=\"elementor-custom-embed\"><iframe frameborder=\"0\" scrolling=\"no\" marginheight=\"0\" marginwidth=\"0\" src=\"https:\/\/maps.google.com\/maps?q=Rua%20Barradas%20de%20Carvalho%20n%C2%BA13&amp;t=m&amp;z=11&amp;output=embed&amp;iwloc=near\" title=\"Rua Barradas de Carvalho n\u00ba13\" aria-label=\"Rua Barradas de Carvalho n\u00ba13\"><\/iframe><\/div>\t\t<\/div>\n\t\t\t\t<\/div>\n\t\t\t\t\t\t<\/div>\n\t\t\t\t\t<\/div>\n\t\t<\/div>\n\t\t\t\t\t\t\t\t<\/div>\n\t\t\t\t\t<\/div>\n\t\t<\/section>\n\t\t\t\t\t\t<\/div>\n\t\t\t\t\t\t<\/div>\n\t\t\t\t\t<\/div>\n\t\t","protected":false},"excerpt":{"rendered":"<p>EMPRESA A\u00a0MATIMAT\u00a0\u00e9 uma empresa de materiais de constru\u00e7\u00e3o, criada recentemente e especializada na comercializa\u00e7\u00e3o de produtos para coberturas met\u00e1licas, perfis galvanizados, impermeabiliza\u00e7\u00f5es, isolamentos t\u00e9rmicos, tintas e impregna\u00e7\u00f5es de elevado desempenho t\u00e9rmico. A experi\u00eancia adquirida pela ger\u00eancia, ao longo de 30 anos, nas maiores empresas do pa\u00eds na \u00e1rea das montagens e na \u00e1rea do fabrico [&hellip;]<\/p>\n","protected":false},"author":2,"featured_media":0,"parent":0,"menu_order":0,"comment_status":"closed","ping_status":"closed","template":"","meta":[],"_links":{"self":[{"href":"https:\/\/lojamatimat.pt\/index.php?rest_route=\/wp\/v2\/pages\/2049"}],"collection":[{"href":"https:\/\/lojamatimat.pt\/index.php?rest_route=\/wp\/v2\/pages"}],"about":[{"href":"https:\/\/lojamatimat.pt\/index.php?rest_route=\/wp\/v2\/types\/page"}],"author":[{"embeddable":true,"href":"https:\/\/lojamatimat.pt\/index.php?rest_route=\/wp\/v2\/users\/2"}],"replies":[{"embeddable":true,"href":"https:\/\/lojamatimat.pt\/index.php?rest_route=%2Fwp%2Fv2%2Fcomments&post=2049"}],"version-history":[{"count":16,"href":"https:\/\/lojamatimat.pt\/index.php?rest_route=\/wp\/v2\/pages\/2049\/revisions"}],"predecessor-version":[{"id":3209,"href":"https:\/\/lojamatimat.pt\/index.php?rest_route=\/wp\/v2\/pages\/2049\/revisions\/3209"}],"wp:attachment":[{"href":"https:\/\/lojamatimat.pt\/index.php?rest_route=%2Fwp%2Fv2%2Fmedia&parent=2049"}],"curies":[{"name":"wp","href":"https:\/\/api.w.org\/{rel}","templated":true}]}}