

{"id":1001,"date":"2019-04-09T17:36:38","date_gmt":"2019-04-09T16:36:38","guid":{"rendered":"http:\/\/localhost\/matimat\/?post_type=product&#038;p=1001"},"modified":"2024-09-16T00:52:35","modified_gmt":"2024-09-15T23:52:35","slug":"vedante-superior-compribande-celula-fechada","status":"publish","type":"product","link":"https:\/\/lojamatimat.pt\/?product=vedante-superior-compribande-celula-fechada","title":{"rendered":"Vedante Superior Compribande c\u00e9lula fechada"},"content":{"rendered":"","protected":false},"excerpt":{"rendered":"<p>Pre\u00e7os v\u00e1lidos para encomendas de valor igual ou superior a 100\u20ac.<\/p>\n","protected":false},"featured_media":0,"comment_status":"open","ping_status":"closed","template":"","meta":[],"_links":{"self":[{"href":"https:\/\/lojamatimat.pt\/index.php?rest_route=\/wp\/v2\/product\/1001"}],"collection":[{"href":"https:\/\/lojamatimat.pt\/index.php?rest_route=\/wp\/v2\/product"}],"about":[{"href":"https:\/\/lojamatimat.pt\/index.php?rest_route=\/wp\/v2\/types\/product"}],"replies":[{"embeddable":true,"href":"https:\/\/lojamatimat.pt\/index.php?rest_route=%2Fwp%2Fv2%2Fcomments&post=1001"}],"version-history":[{"count":4,"href":"https:\/\/lojamatimat.pt\/index.php?rest_route=\/wp\/v2\/product\/1001\/revisions"}],"predecessor-version":[{"id":3462,"href":"https:\/\/lojamatimat.pt\/index.php?rest_route=\/wp\/v2\/product\/1001\/revisions\/3462"}],"wp:attachment":[{"href":"https:\/\/lojamatimat.pt\/index.php?rest_route=%2Fwp%2Fv2%2Fmedia&parent=1001"}],"curies":[{"name":"wp","href":"https:\/\/api.w.org\/{rel}","templated":true}]}}