

{"id":1023,"date":"2019-04-09T18:05:30","date_gmt":"2019-04-09T17:05:30","guid":{"rendered":"http:\/\/localhost\/matimat\/?post_type=product&#038;p=1023"},"modified":"2024-09-16T00:31:17","modified_gmt":"2024-09-15T23:31:17","slug":"mastique-hibrido","status":"publish","type":"product","link":"https:\/\/lojamatimat.pt\/?product=mastique-hibrido","title":{"rendered":"Mastique H\u00edbrido"},"content":{"rendered":"","protected":false},"excerpt":{"rendered":"<p>Pre\u00e7os v\u00e1lidos para encomendas de valor igual ou superior a 100\u20ac.<\/p>\n<p>Pre\u00e7o por bisnaga.<\/p>\n<p>Vendido em embalagens de 12 unidades cada.<\/p>\n","protected":false},"featured_media":1054,"comment_status":"open","ping_status":"closed","template":"","meta":[],"_links":{"self":[{"href":"https:\/\/lojamatimat.pt\/index.php?rest_route=\/wp\/v2\/product\/1023"}],"collection":[{"href":"https:\/\/lojamatimat.pt\/index.php?rest_route=\/wp\/v2\/product"}],"about":[{"href":"https:\/\/lojamatimat.pt\/index.php?rest_route=\/wp\/v2\/types\/product"}],"replies":[{"embeddable":true,"href":"https:\/\/lojamatimat.pt\/index.php?rest_route=%2Fwp%2Fv2%2Fcomments&post=1023"}],"version-history":[{"count":9,"href":"https:\/\/lojamatimat.pt\/index.php?rest_route=\/wp\/v2\/product\/1023\/revisions"}],"predecessor-version":[{"id":3453,"href":"https:\/\/lojamatimat.pt\/index.php?rest_route=\/wp\/v2\/product\/1023\/revisions\/3453"}],"wp:featuredmedia":[{"embeddable":true,"href":"https:\/\/lojamatimat.pt\/index.php?rest_route=\/wp\/v2\/media\/1054"}],"wp:attachment":[{"href":"https:\/\/lojamatimat.pt\/index.php?rest_route=%2Fwp%2Fv2%2Fmedia&parent=1023"}],"curies":[{"name":"wp","href":"https:\/\/api.w.org\/{rel}","templated":true}]}}