

{"id":1043,"date":"2019-04-11T17:41:55","date_gmt":"2019-04-11T16:41:55","guid":{"rendered":"http:\/\/localhost\/matimat\/?post_type=product&#038;p=1043"},"modified":"2024-09-16T00:32:34","modified_gmt":"2024-09-15T23:32:34","slug":"pipeco-no2-o203-a-280","status":"publish","type":"product","link":"https:\/\/lojamatimat.pt\/?product=pipeco-no2-o203-a-280","title":{"rendered":"Pipeco n\u00ba2 \u00d8203 a 280"},"content":{"rendered":"","protected":false},"excerpt":{"rendered":"<p>Pre\u00e7os v\u00e1lidos para encomendas de valor igual ou superior a 100\u20ac.<\/p>\n<p>Produto vendido \u00e0 unidade.<\/p>\n","protected":false},"featured_media":1318,"comment_status":"open","ping_status":"closed","template":"","meta":[],"_links":{"self":[{"href":"https:\/\/lojamatimat.pt\/index.php?rest_route=\/wp\/v2\/product\/1043"}],"collection":[{"href":"https:\/\/lojamatimat.pt\/index.php?rest_route=\/wp\/v2\/product"}],"about":[{"href":"https:\/\/lojamatimat.pt\/index.php?rest_route=\/wp\/v2\/types\/product"}],"replies":[{"embeddable":true,"href":"https:\/\/lojamatimat.pt\/index.php?rest_route=%2Fwp%2Fv2%2Fcomments&post=1043"}],"version-history":[{"count":4,"href":"https:\/\/lojamatimat.pt\/index.php?rest_route=\/wp\/v2\/product\/1043\/revisions"}],"predecessor-version":[{"id":3447,"href":"https:\/\/lojamatimat.pt\/index.php?rest_route=\/wp\/v2\/product\/1043\/revisions\/3447"}],"wp:featuredmedia":[{"embeddable":true,"href":"https:\/\/lojamatimat.pt\/index.php?rest_route=\/wp\/v2\/media\/1318"}],"wp:attachment":[{"href":"https:\/\/lojamatimat.pt\/index.php?rest_route=%2Fwp%2Fv2%2Fmedia&parent=1043"}],"curies":[{"name":"wp","href":"https:\/\/api.w.org\/{rel}","templated":true}]}}