

{"id":1489,"date":"2020-01-17T15:09:11","date_gmt":"2020-01-17T15:09:11","guid":{"rendered":"http:\/\/localhost\/matimat\/?post_type=product&#038;p=1489"},"modified":"2024-09-16T00:33:15","modified_gmt":"2024-09-15T23:33:15","slug":"pipeco-no3-o85-a-255","status":"publish","type":"product","link":"https:\/\/lojamatimat.pt\/?product=pipeco-no3-o85-a-255","title":{"rendered":"Pipeco n\u00ba3 \u00d885 a 255"},"content":{"rendered":"","protected":false},"excerpt":{"rendered":"<p>Pre\u00e7os v\u00e1lidos para encomendas de valor igual ou superior a 100\u20ac.<\/p>\n<p>Produto vendido \u00e0 unidade.<\/p>\n","protected":false},"featured_media":1314,"comment_status":"open","ping_status":"closed","template":"","meta":[],"_links":{"self":[{"href":"https:\/\/lojamatimat.pt\/index.php?rest_route=\/wp\/v2\/product\/1489"}],"collection":[{"href":"https:\/\/lojamatimat.pt\/index.php?rest_route=\/wp\/v2\/product"}],"about":[{"href":"https:\/\/lojamatimat.pt\/index.php?rest_route=\/wp\/v2\/types\/product"}],"replies":[{"embeddable":true,"href":"https:\/\/lojamatimat.pt\/index.php?rest_route=%2Fwp%2Fv2%2Fcomments&post=1489"}],"version-history":[{"count":6,"href":"https:\/\/lojamatimat.pt\/index.php?rest_route=\/wp\/v2\/product\/1489\/revisions"}],"predecessor-version":[{"id":3444,"href":"https:\/\/lojamatimat.pt\/index.php?rest_route=\/wp\/v2\/product\/1489\/revisions\/3444"}],"wp:featuredmedia":[{"embeddable":true,"href":"https:\/\/lojamatimat.pt\/index.php?rest_route=\/wp\/v2\/media\/1314"}],"wp:attachment":[{"href":"https:\/\/lojamatimat.pt\/index.php?rest_route=%2Fwp%2Fv2%2Fmedia&parent=1489"}],"curies":[{"name":"wp","href":"https:\/\/api.w.org\/{rel}","templated":true}]}}