

{"id":2599,"date":"2021-01-26T17:48:51","date_gmt":"2021-01-26T17:48:51","guid":{"rendered":"http:\/\/localhost\/matimat\/?post_type=product&#038;p=2599"},"modified":"2024-09-16T00:20:29","modified_gmt":"2024-09-15T23:20:29","slug":"pipeco-no7-o171-a-343-copy","status":"publish","type":"product","link":"https:\/\/lojamatimat.pt\/?product=pipeco-no7-o171-a-343-copy","title":{"rendered":"Pipeco n\u00ba8 \u00d8171 a 343"},"content":{"rendered":"","protected":false},"excerpt":{"rendered":"<p>Pre\u00e7os v\u00e1lidos para encomendas de valor igual ou superior a 100\u20ac.<\/p>\n<p>Produto vendido \u00e0 unidade.<\/p>\n","protected":false},"featured_media":2227,"comment_status":"open","ping_status":"closed","template":"","meta":[],"_links":{"self":[{"href":"https:\/\/lojamatimat.pt\/index.php?rest_route=\/wp\/v2\/product\/2599"}],"collection":[{"href":"https:\/\/lojamatimat.pt\/index.php?rest_route=\/wp\/v2\/product"}],"about":[{"href":"https:\/\/lojamatimat.pt\/index.php?rest_route=\/wp\/v2\/types\/product"}],"replies":[{"embeddable":true,"href":"https:\/\/lojamatimat.pt\/index.php?rest_route=%2Fwp%2Fv2%2Fcomments&post=2599"}],"version-history":[{"count":5,"href":"https:\/\/lojamatimat.pt\/index.php?rest_route=\/wp\/v2\/product\/2599\/revisions"}],"predecessor-version":[{"id":3880,"href":"https:\/\/lojamatimat.pt\/index.php?rest_route=\/wp\/v2\/product\/2599\/revisions\/3880"}],"wp:featuredmedia":[{"embeddable":true,"href":"https:\/\/lojamatimat.pt\/index.php?rest_route=\/wp\/v2\/media\/2227"}],"wp:attachment":[{"href":"https:\/\/lojamatimat.pt\/index.php?rest_route=%2Fwp%2Fv2%2Fmedia&parent=2599"}],"curies":[{"name":"wp","href":"https:\/\/api.w.org\/{rel}","templated":true}]}}