

{"id":3512,"date":"2021-03-05T17:30:43","date_gmt":"2021-03-05T17:30:43","guid":{"rendered":"https:\/\/loja.matimat.pt\/?post_type=product&#038;p=3512"},"modified":"2024-09-16T00:26:02","modified_gmt":"2024-09-15T23:26:02","slug":"pipeco-no1-o-20-a-70","status":"publish","type":"product","link":"https:\/\/lojamatimat.pt\/?product=pipeco-no1-o-20-a-70","title":{"rendered":"Pipeco n\u00ba1 \u00d8 20 a 70"},"content":{"rendered":"","protected":false},"excerpt":{"rendered":"<p>Pre\u00e7os v\u00e1lidos para encomendas de valor igual ou superior a 100\u20ac.<\/p>\n<p>Produto vendido \u00e0 unidade.<\/p>\n","protected":false},"featured_media":3514,"comment_status":"open","ping_status":"closed","template":"","meta":[],"_links":{"self":[{"href":"https:\/\/lojamatimat.pt\/index.php?rest_route=\/wp\/v2\/product\/3512"}],"collection":[{"href":"https:\/\/lojamatimat.pt\/index.php?rest_route=\/wp\/v2\/product"}],"about":[{"href":"https:\/\/lojamatimat.pt\/index.php?rest_route=\/wp\/v2\/types\/product"}],"replies":[{"embeddable":true,"href":"https:\/\/lojamatimat.pt\/index.php?rest_route=%2Fwp%2Fv2%2Fcomments&post=3512"}],"version-history":[{"count":1,"href":"https:\/\/lojamatimat.pt\/index.php?rest_route=\/wp\/v2\/product\/3512\/revisions"}],"predecessor-version":[{"id":3515,"href":"https:\/\/lojamatimat.pt\/index.php?rest_route=\/wp\/v2\/product\/3512\/revisions\/3515"}],"wp:featuredmedia":[{"embeddable":true,"href":"https:\/\/lojamatimat.pt\/index.php?rest_route=\/wp\/v2\/media\/3514"}],"wp:attachment":[{"href":"https:\/\/lojamatimat.pt\/index.php?rest_route=%2Fwp%2Fv2%2Fmedia&parent=3512"}],"curies":[{"name":"wp","href":"https:\/\/api.w.org\/{rel}","templated":true}]}}