

{"id":616,"date":"2019-04-08T16:00:20","date_gmt":"2019-04-08T15:00:20","guid":{"rendered":"http:\/\/localhost\/matimat\/?post_type=product&#038;p=616"},"modified":"2024-09-16T00:57:07","modified_gmt":"2024-09-15T23:57:07","slug":"betofast-df-th8-3c-bleu-66x125-g16","status":"publish","type":"product","link":"https:\/\/lojamatimat.pt\/?product=betofast-df-th8-3c-bleu-66x125-g16","title":{"rendered":"Parafuso Ch\/Bet\u00e3o DF TH8 3C Bleu 6,6&#215;125 G16"},"content":{"rendered":"","protected":false},"excerpt":{"rendered":"<p>Pre\u00e7os v\u00e1lidos para encomendas de valor igual ou superior a 100\u20ac.<\/p>\n<p>Produto vendido em embalagens de 100 unidades cada.<\/p>\n","protected":false},"featured_media":2211,"comment_status":"open","ping_status":"closed","template":"","meta":[],"_links":{"self":[{"href":"https:\/\/lojamatimat.pt\/index.php?rest_route=\/wp\/v2\/product\/616"}],"collection":[{"href":"https:\/\/lojamatimat.pt\/index.php?rest_route=\/wp\/v2\/product"}],"about":[{"href":"https:\/\/lojamatimat.pt\/index.php?rest_route=\/wp\/v2\/types\/product"}],"replies":[{"embeddable":true,"href":"https:\/\/lojamatimat.pt\/index.php?rest_route=%2Fwp%2Fv2%2Fcomments&post=616"}],"version-history":[{"count":8,"href":"https:\/\/lojamatimat.pt\/index.php?rest_route=\/wp\/v2\/product\/616\/revisions"}],"predecessor-version":[{"id":3508,"href":"https:\/\/lojamatimat.pt\/index.php?rest_route=\/wp\/v2\/product\/616\/revisions\/3508"}],"wp:featuredmedia":[{"embeddable":true,"href":"https:\/\/lojamatimat.pt\/index.php?rest_route=\/wp\/v2\/media\/2211"}],"wp:attachment":[{"href":"https:\/\/lojamatimat.pt\/index.php?rest_route=%2Fwp%2Fv2%2Fmedia&parent=616"}],"curies":[{"name":"wp","href":"https:\/\/api.w.org\/{rel}","templated":true}]}}