

{"id":636,"date":"2019-04-08T16:14:55","date_gmt":"2019-04-08T15:14:55","guid":{"rendered":"http:\/\/localhost\/matimat\/?post_type=product&#038;p=636"},"modified":"2024-09-16T00:41:30","modified_gmt":"2024-09-15T23:41:30","slug":"fastovis-5df-th8-zn-55x175-g16","status":"publish","type":"product","link":"https:\/\/lojamatimat.pt\/?product=fastovis-5df-th8-zn-55x175-g16","title":{"rendered":"Parafuso Ch\/A\u00e7o 5DF TH8 Zn 5,5&#215;175 G16"},"content":{"rendered":"","protected":false},"excerpt":{"rendered":"<p>Pre\u00e7os v\u00e1lidos para encomendas de valor igual ou superior a 100\u20ac.<\/p>\n<p>Produto vendido em embalagens de 100 unidades cada.<\/p>\n","protected":false},"featured_media":2209,"comment_status":"open","ping_status":"closed","template":"","meta":[],"_links":{"self":[{"href":"https:\/\/lojamatimat.pt\/index.php?rest_route=\/wp\/v2\/product\/636"}],"collection":[{"href":"https:\/\/lojamatimat.pt\/index.php?rest_route=\/wp\/v2\/product"}],"about":[{"href":"https:\/\/lojamatimat.pt\/index.php?rest_route=\/wp\/v2\/types\/product"}],"replies":[{"embeddable":true,"href":"https:\/\/lojamatimat.pt\/index.php?rest_route=%2Fwp%2Fv2%2Fcomments&post=636"}],"version-history":[{"count":8,"href":"https:\/\/lojamatimat.pt\/index.php?rest_route=\/wp\/v2\/product\/636\/revisions"}],"predecessor-version":[{"id":3498,"href":"https:\/\/lojamatimat.pt\/index.php?rest_route=\/wp\/v2\/product\/636\/revisions\/3498"}],"wp:featuredmedia":[{"embeddable":true,"href":"https:\/\/lojamatimat.pt\/index.php?rest_route=\/wp\/v2\/media\/2209"}],"wp:attachment":[{"href":"https:\/\/lojamatimat.pt\/index.php?rest_route=%2Fwp%2Fv2%2Fmedia&parent=636"}],"curies":[{"name":"wp","href":"https:\/\/api.w.org\/{rel}","templated":true}]}}