

{"id":644,"date":"2019-04-08T16:17:31","date_gmt":"2019-04-08T15:17:31","guid":{"rendered":"http:\/\/localhost\/matimat\/?post_type=product&#038;p=644"},"modified":"2024-09-16T00:44:29","modified_gmt":"2024-09-15T23:44:29","slug":"fastovis-4t-th8-zn-48x20-g14","status":"publish","type":"product","link":"https:\/\/lojamatimat.pt\/?product=fastovis-4t-th8-zn-48x20-g14","title":{"rendered":"Parafuso Ch\/A\u00e7o 4T TH8 Zn 4,8&#215;20 G14"},"content":{"rendered":"","protected":false},"excerpt":{"rendered":"<p>Pre\u00e7os v\u00e1lidos para encomendas de valor igual ou superior a 100\u20ac.<\/p>\n<p>Produto vendido em embalagens de 100 unidades cada.<\/p>\n","protected":false},"featured_media":2553,"comment_status":"open","ping_status":"closed","template":"","meta":[],"_links":{"self":[{"href":"https:\/\/lojamatimat.pt\/index.php?rest_route=\/wp\/v2\/product\/644"}],"collection":[{"href":"https:\/\/lojamatimat.pt\/index.php?rest_route=\/wp\/v2\/product"}],"about":[{"href":"https:\/\/lojamatimat.pt\/index.php?rest_route=\/wp\/v2\/types\/product"}],"replies":[{"embeddable":true,"href":"https:\/\/lojamatimat.pt\/index.php?rest_route=%2Fwp%2Fv2%2Fcomments&post=644"}],"version-history":[{"count":6,"href":"https:\/\/lojamatimat.pt\/index.php?rest_route=\/wp\/v2\/product\/644\/revisions"}],"predecessor-version":[{"id":3496,"href":"https:\/\/lojamatimat.pt\/index.php?rest_route=\/wp\/v2\/product\/644\/revisions\/3496"}],"wp:featuredmedia":[{"embeddable":true,"href":"https:\/\/lojamatimat.pt\/index.php?rest_route=\/wp\/v2\/media\/2553"}],"wp:attachment":[{"href":"https:\/\/lojamatimat.pt\/index.php?rest_route=%2Fwp%2Fv2%2Fmedia&parent=644"}],"curies":[{"name":"wp","href":"https:\/\/api.w.org\/{rel}","templated":true}]}}