

{"id":773,"date":"2019-04-08T17:55:57","date_gmt":"2019-04-08T16:55:57","guid":{"rendered":"http:\/\/localhost\/matimat\/?post_type=product&#038;p=773"},"modified":"2022-11-07T17:23:05","modified_gmt":"2022-11-07T17:23:05","slug":"painel-tapa-juntas-5-ondas-pur","status":"publish","type":"product","link":"https:\/\/lojamatimat.pt\/?product=painel-tapa-juntas-5-ondas-pur","title":{"rendered":"Painel Tapa Juntas 5 ondas (PUR) Poliuretano"},"content":{"rendered":"","protected":false},"excerpt":{"rendered":"<p>Pre\u00e7os v\u00e1lidos para quantidades m\u00ednimas de 200m\u00b2. Outras sob consulta.<\/p>\n","protected":false},"featured_media":2188,"comment_status":"open","ping_status":"closed","template":"","meta":[],"_links":{"self":[{"href":"https:\/\/lojamatimat.pt\/index.php?rest_route=\/wp\/v2\/product\/773"}],"collection":[{"href":"https:\/\/lojamatimat.pt\/index.php?rest_route=\/wp\/v2\/product"}],"about":[{"href":"https:\/\/lojamatimat.pt\/index.php?rest_route=\/wp\/v2\/types\/product"}],"replies":[{"embeddable":true,"href":"https:\/\/lojamatimat.pt\/index.php?rest_route=%2Fwp%2Fv2%2Fcomments&post=773"}],"version-history":[{"count":14,"href":"https:\/\/lojamatimat.pt\/index.php?rest_route=\/wp\/v2\/product\/773\/revisions"}],"predecessor-version":[{"id":3836,"href":"https:\/\/lojamatimat.pt\/index.php?rest_route=\/wp\/v2\/product\/773\/revisions\/3836"}],"wp:featuredmedia":[{"embeddable":true,"href":"https:\/\/lojamatimat.pt\/index.php?rest_route=\/wp\/v2\/media\/2188"}],"wp:attachment":[{"href":"https:\/\/lojamatimat.pt\/index.php?rest_route=%2Fwp%2Fv2%2Fmedia&parent=773"}],"curies":[{"name":"wp","href":"https:\/\/api.w.org\/{rel}","templated":true}]}}