

{"id":839,"date":"2019-04-08T18:54:12","date_gmt":"2019-04-08T17:54:12","guid":{"rendered":"http:\/\/localhost\/matimat\/?post_type=product&#038;p=839"},"modified":"2026-02-15T02:10:16","modified_gmt":"2026-02-15T02:10:16","slug":"painel-la-de-rocha","status":"publish","type":"product","link":"https:\/\/lojamatimat.pt\/?product=painel-la-de-rocha","title":{"rendered":"Painel Sandwich L\u00e3 de Rocha"},"content":{"rendered":"","protected":false},"excerpt":{"rendered":"<p>Pre\u00e7os v\u00e1lidos para quantidades m\u00ednimas de 200m\u00b2. Outras sob consulta.<\/p>\n<p>&nbsp;<\/p>\n","protected":false},"featured_media":2192,"comment_status":"open","ping_status":"closed","template":"","meta":[],"_links":{"self":[{"href":"https:\/\/lojamatimat.pt\/index.php?rest_route=\/wp\/v2\/product\/839"}],"collection":[{"href":"https:\/\/lojamatimat.pt\/index.php?rest_route=\/wp\/v2\/product"}],"about":[{"href":"https:\/\/lojamatimat.pt\/index.php?rest_route=\/wp\/v2\/types\/product"}],"replies":[{"embeddable":true,"href":"https:\/\/lojamatimat.pt\/index.php?rest_route=%2Fwp%2Fv2%2Fcomments&post=839"}],"version-history":[{"count":16,"href":"https:\/\/lojamatimat.pt\/index.php?rest_route=\/wp\/v2\/product\/839\/revisions"}],"predecessor-version":[{"id":3739,"href":"https:\/\/lojamatimat.pt\/index.php?rest_route=\/wp\/v2\/product\/839\/revisions\/3739"}],"wp:featuredmedia":[{"embeddable":true,"href":"https:\/\/lojamatimat.pt\/index.php?rest_route=\/wp\/v2\/media\/2192"}],"wp:attachment":[{"href":"https:\/\/lojamatimat.pt\/index.php?rest_route=%2Fwp%2Fv2%2Fmedia&parent=839"}],"curies":[{"name":"wp","href":"https:\/\/api.w.org\/{rel}","templated":true}]}}