

{"id":894,"date":"2019-04-09T15:49:22","date_gmt":"2019-04-09T14:49:22","guid":{"rendered":"http:\/\/localhost\/matimat\/?post_type=product&#038;p=894"},"modified":"2022-11-07T17:43:24","modified_gmt":"2022-11-07T17:43:24","slug":"painel-de-fachada-pir-fixacao-oculta","status":"publish","type":"product","link":"https:\/\/lojamatimat.pt\/?product=painel-de-fachada-pir-fixacao-oculta","title":{"rendered":"Painel L\u00e3 de Rocha de Fachada Fixa\u00e7\u00e3o Vis\u00edvel"},"content":{"rendered":"","protected":false},"excerpt":{"rendered":"<p>Pre\u00e7os v\u00e1lidos para quantidades m\u00ednimas de 200m\u00b2. Outras sob consulta.<\/p>\n","protected":false},"featured_media":0,"comment_status":"open","ping_status":"closed","template":"","meta":[],"_links":{"self":[{"href":"https:\/\/lojamatimat.pt\/index.php?rest_route=\/wp\/v2\/product\/894"}],"collection":[{"href":"https:\/\/lojamatimat.pt\/index.php?rest_route=\/wp\/v2\/product"}],"about":[{"href":"https:\/\/lojamatimat.pt\/index.php?rest_route=\/wp\/v2\/types\/product"}],"replies":[{"embeddable":true,"href":"https:\/\/lojamatimat.pt\/index.php?rest_route=%2Fwp%2Fv2%2Fcomments&post=894"}],"version-history":[{"count":10,"href":"https:\/\/lojamatimat.pt\/index.php?rest_route=\/wp\/v2\/product\/894\/revisions"}],"predecessor-version":[{"id":3683,"href":"https:\/\/lojamatimat.pt\/index.php?rest_route=\/wp\/v2\/product\/894\/revisions\/3683"}],"wp:attachment":[{"href":"https:\/\/lojamatimat.pt\/index.php?rest_route=%2Fwp%2Fv2%2Fmedia&parent=894"}],"curies":[{"name":"wp","href":"https:\/\/api.w.org\/{rel}","templated":true}]}}