

{"id":963,"date":"2019-04-09T16:56:32","date_gmt":"2019-04-09T15:56:32","guid":{"rendered":"http:\/\/localhost\/matimat\/?post_type=product&#038;p=963"},"modified":"2024-09-16T00:47:16","modified_gmt":"2024-09-15T23:47:16","slug":"pipeco-no3-o6-a-146","status":"publish","type":"product","link":"https:\/\/lojamatimat.pt\/?product=pipeco-no3-o6-a-146","title":{"rendered":"Pipeco n\u00ba3 \u00d86 a 146"},"content":{"rendered":"","protected":false},"excerpt":{"rendered":"<p>Pre\u00e7os v\u00e1lidos para encomendas de valor igual ou superior a 100\u20ac.<\/p>\n<p>Produto vendido \u00e0 unidade.<\/p>\n","protected":false},"featured_media":1309,"comment_status":"open","ping_status":"closed","template":"","meta":[],"_links":{"self":[{"href":"https:\/\/lojamatimat.pt\/index.php?rest_route=\/wp\/v2\/product\/963"}],"collection":[{"href":"https:\/\/lojamatimat.pt\/index.php?rest_route=\/wp\/v2\/product"}],"about":[{"href":"https:\/\/lojamatimat.pt\/index.php?rest_route=\/wp\/v2\/types\/product"}],"replies":[{"embeddable":true,"href":"https:\/\/lojamatimat.pt\/index.php?rest_route=%2Fwp%2Fv2%2Fcomments&post=963"}],"version-history":[{"count":5,"href":"https:\/\/lojamatimat.pt\/index.php?rest_route=\/wp\/v2\/product\/963\/revisions"}],"predecessor-version":[{"id":3474,"href":"https:\/\/lojamatimat.pt\/index.php?rest_route=\/wp\/v2\/product\/963\/revisions\/3474"}],"wp:featuredmedia":[{"embeddable":true,"href":"https:\/\/lojamatimat.pt\/index.php?rest_route=\/wp\/v2\/media\/1309"}],"wp:attachment":[{"href":"https:\/\/lojamatimat.pt\/index.php?rest_route=%2Fwp%2Fv2%2Fmedia&parent=963"}],"curies":[{"name":"wp","href":"https:\/\/api.w.org\/{rel}","templated":true}]}}