

{"id":979,"date":"2019-04-09T17:04:54","date_gmt":"2019-04-09T16:04:54","guid":{"rendered":"http:\/\/localhost\/matimat\/?post_type=product&#038;p=979"},"modified":"2024-09-16T00:49:09","modified_gmt":"2024-09-15T23:49:09","slug":"pipeco-no8-o163-a-304","status":"publish","type":"product","link":"https:\/\/lojamatimat.pt\/?product=pipeco-no8-o163-a-304","title":{"rendered":"Pipeco n\u00ba8 \u00d8163 a 304"},"content":{"rendered":"","protected":false},"excerpt":{"rendered":"<p>Pre\u00e7os v\u00e1lidos para encomendas de valor igual ou superior a 100\u20ac.<\/p>\n<p>Produto vendido \u00e0 unidade<\/p>\n","protected":false},"featured_media":2217,"comment_status":"open","ping_status":"closed","template":"","meta":[],"_links":{"self":[{"href":"https:\/\/lojamatimat.pt\/index.php?rest_route=\/wp\/v2\/product\/979"}],"collection":[{"href":"https:\/\/lojamatimat.pt\/index.php?rest_route=\/wp\/v2\/product"}],"about":[{"href":"https:\/\/lojamatimat.pt\/index.php?rest_route=\/wp\/v2\/types\/product"}],"replies":[{"embeddable":true,"href":"https:\/\/lojamatimat.pt\/index.php?rest_route=%2Fwp%2Fv2%2Fcomments&post=979"}],"version-history":[{"count":6,"href":"https:\/\/lojamatimat.pt\/index.php?rest_route=\/wp\/v2\/product\/979\/revisions"}],"predecessor-version":[{"id":3466,"href":"https:\/\/lojamatimat.pt\/index.php?rest_route=\/wp\/v2\/product\/979\/revisions\/3466"}],"wp:featuredmedia":[{"embeddable":true,"href":"https:\/\/lojamatimat.pt\/index.php?rest_route=\/wp\/v2\/media\/2217"}],"wp:attachment":[{"href":"https:\/\/lojamatimat.pt\/index.php?rest_route=%2Fwp%2Fv2%2Fmedia&parent=979"}],"curies":[{"name":"wp","href":"https:\/\/api.w.org\/{rel}","templated":true}]}}